{"id":15520,"date":"2022-08-01T12:06:12","date_gmt":"2022-08-01T10:06:12","guid":{"rendered":"https:\/\/bbt-automotive.h35.io\/mentions-legales\/"},"modified":"2022-08-19T06:36:24","modified_gmt":"2022-08-19T06:36:24","slug":"mentions-legales","status":"publish","type":"page","link":"https:\/\/www.bbt-automotive.com\/fr\/mentions-legales\/","title":{"rendered":"Mentions l\u00e9gales"},"content":{"rendered":"\t\t<div data-elementor-type=\"wp-page\" data-elementor-id=\"15520\" class=\"elementor elementor-15520 elementor-6998\" data-elementor-settings=\"{&quot;ha_cmc_init_switcher&quot;:&quot;no&quot;}\" data-elementor-post-type=\"page\">\n\t\t\t\t\t\t<section class=\"elementor-section elementor-top-section elementor-element elementor-element-b2291b9 elementor-section-boxed elementor-section-height-default elementor-section-height-default\" data-id=\"b2291b9\" data-element_type=\"section\" data-settings=\"{&quot;jet_parallax_layout_list&quot;:[]}\">\n\t\t\t\t\t\t<div class=\"elementor-container elementor-column-gap-default\">\n\t\t\t\t\t<div class=\"elementor-column elementor-col-100 elementor-top-column elementor-element elementor-element-e915436\" data-id=\"e915436\" data-element_type=\"column\">\n\t\t\t<div class=\"elementor-widget-wrap elementor-element-populated\">\n\t\t\t\t\t\t<div class=\"elementor-element elementor-element-803db7e elementor-widget elementor-widget-heading\" data-id=\"803db7e\" data-element_type=\"widget\" data-widget_type=\"heading.default\">\n\t\t\t\t<div class=\"elementor-widget-container\">\n\t\t\t\t\t<h2 class=\"elementor-heading-title elementor-size-default\">Mentions l\u00e9gales<\/h2>\t\t\t\t<\/div>\n\t\t\t\t<\/div>\n\t\t\t\t<div class=\"elementor-element elementor-element-ccbfa2b elementor-widget elementor-widget-text-editor\" data-id=\"ccbfa2b\" data-element_type=\"widget\" data-widget_type=\"text-editor.default\">\n\t\t\t\t<div class=\"elementor-widget-container\">\n\t\t\t\t\t\t\t\t\t<p><strong>Exploitant de cette offre Internet :<\/strong><\/p><div class=\"vcard\"><div class=\"org titel\">BBT Automotive Components GmbH<\/div><div class=\"adr\"><div class=\"street-address\">Gewerbering 12<\/div><span class=\"postal-code\">91629<\/span> <span class=\"locality\">Weihenzell<\/span><div class=\"country-name\">Allemagne<\/div><\/div><div>T\u00e9l. : <span class=\"tel\">+49 (0) 9802 &#8211; 95211-0<\/span><\/div><div>Fax : <span class=\"note\">+49 (0) 9802 &#8211; 95211-95<\/span><\/div><div>E-mail : <a class=\"email\" href=\"mailto:info@bbt-automotive.de\">info@bbt-automotive.de<\/a><\/div><\/div><p><strong>Directeur g\u00e9n\u00e9ral :<\/strong><\/p><div class=\"vcard\">Karl Heinz Beckers<\/div><div class=\"vcard\">Inscrit au registre du commerce d\u2019Ansbach HRB 2599<br>N\u00b0 de TVA : DE 187 709 976<\/div><p><strong>Repr\u00e9sentant l\u00e9gal du prestataire :<\/strong><\/p><div class=\"vcard\">Karl Heinz Beckers<br>Alexander M. Beckers<\/div><p><strong>Responsable du contenu conform\u00e9ment \u00e0 l\u2019art. MDStV (contrat d\u2019\u00c9tat sur les m\u00e9dias) :<\/strong><\/p><div class=\"vcard\">Karl Heinz Beckers<\/div>\t\t\t\t\t\t\t\t<\/div>\n\t\t\t\t<\/div>\n\t\t\t\t\t<\/div>\n\t\t<\/div>\n\t\t\t\t\t<\/div>\n\t\t<\/section>\n\t\t\t\t<\/div>\n\t\t","protected":false},"excerpt":{"rendered":"<p>Mentions l\u00e9gales Exploitant de cette offre Internet : BBT Automotive Components GmbHGewerbering 1291629 WeihenzellAllemagneT\u00e9l. : +49 (0) 9802 &#8211; 95211-0Fax : +49 (0) 9802 &#8211; 95211-95E-mail : info@bbt-automotive.de Directeur g\u00e9n\u00e9ral : Karl Heinz BeckersInscrit au registre du commerce d\u2019Ansbach HRB 2599N\u00b0 de TVA : DE 187 709 976 Repr\u00e9sentant l\u00e9gal du prestataire : Karl Heinz [&hellip;]<\/p>\n","protected":false},"author":3,"featured_media":0,"parent":0,"menu_order":0,"comment_status":"closed","ping_status":"closed","template":"","meta":{"footnotes":""},"class_list":["post-15520","page","type-page","status-publish","hentry"],"yoast_head":"<!-- This site is optimized with the Yoast SEO plugin v26.2 - https:\/\/yoast.com\/wordpress\/plugins\/seo\/ -->\n<title>Mentions l\u00e9gales - BBT automotive<\/title>\n<meta name=\"robots\" content=\"index, follow, max-snippet:-1, max-image-preview:large, max-video-preview:-1\" \/>\n<link rel=\"canonical\" href=\"https:\/\/www.bbt-automotive.com\/fr\/mentions-legales\/\" \/>\n<meta property=\"og:locale\" content=\"fr_FR\" \/>\n<meta property=\"og:type\" content=\"article\" \/>\n<meta property=\"og:title\" content=\"Mentions l\u00e9gales - BBT automotive\" \/>\n<meta property=\"og:description\" content=\"Mentions l\u00e9gales Exploitant de cette offre Internet : BBT Automotive Components GmbHGewerbering 1291629 WeihenzellAllemagneT\u00e9l. : +49 (0) 9802 &#8211; 95211-0Fax : +49 (0) 9802 &#8211; 95211-95E-mail : info@bbt-automotive.de Directeur g\u00e9n\u00e9ral : Karl Heinz BeckersInscrit au registre du commerce d\u2019Ansbach HRB 2599N\u00b0 de TVA : DE 187 709 976 Repr\u00e9sentant l\u00e9gal du prestataire : Karl Heinz [&hellip;]\" \/>\n<meta property=\"og:url\" content=\"https:\/\/www.bbt-automotive.com\/fr\/mentions-legales\/\" \/>\n<meta property=\"og:site_name\" content=\"BBT automotive\" \/>\n<meta property=\"article:modified_time\" content=\"2022-08-19T06:36:24+00:00\" \/>\n<meta name=\"twitter:card\" content=\"summary_large_image\" \/>\n<script type=\"application\/ld+json\" class=\"yoast-schema-graph\">{\"@context\":\"https:\/\/schema.org\",\"@graph\":[{\"@type\":\"WebPage\",\"@id\":\"https:\/\/www.bbt-automotive.com\/fr\/mentions-legales\/\",\"url\":\"https:\/\/www.bbt-automotive.com\/fr\/mentions-legales\/\",\"name\":\"Mentions l\u00e9gales - BBT automotive\",\"isPartOf\":{\"@id\":\"https:\/\/www.bbt-automotive.com\/fr\/#website\"},\"datePublished\":\"2022-08-01T10:06:12+00:00\",\"dateModified\":\"2022-08-19T06:36:24+00:00\",\"breadcrumb\":{\"@id\":\"https:\/\/www.bbt-automotive.com\/fr\/mentions-legales\/#breadcrumb\"},\"inLanguage\":\"fr-FR\",\"potentialAction\":[{\"@type\":\"ReadAction\",\"target\":[\"https:\/\/www.bbt-automotive.com\/fr\/mentions-legales\/\"]}]},{\"@type\":\"BreadcrumbList\",\"@id\":\"https:\/\/www.bbt-automotive.com\/fr\/mentions-legales\/#breadcrumb\",\"itemListElement\":[{\"@type\":\"ListItem\",\"position\":1,\"name\":\"Startseite\",\"item\":\"https:\/\/www.bbt-automotive.com\/fr\/\"},{\"@type\":\"ListItem\",\"position\":2,\"name\":\"Mentions l\u00e9gales\"}]},{\"@type\":\"WebSite\",\"@id\":\"https:\/\/www.bbt-automotive.com\/fr\/#website\",\"url\":\"https:\/\/www.bbt-automotive.com\/fr\/\",\"name\":\"BBT automotive\",\"description\":\"\",\"publisher\":{\"@id\":\"https:\/\/www.bbt-automotive.com\/fr\/#organization\"},\"potentialAction\":[{\"@type\":\"SearchAction\",\"target\":{\"@type\":\"EntryPoint\",\"urlTemplate\":\"https:\/\/www.bbt-automotive.com\/fr\/?s={search_term_string}\"},\"query-input\":{\"@type\":\"PropertyValueSpecification\",\"valueRequired\":true,\"valueName\":\"search_term_string\"}}],\"inLanguage\":\"fr-FR\"},{\"@type\":\"Organization\",\"@id\":\"https:\/\/www.bbt-automotive.com\/fr\/#organization\",\"name\":\"BBT automotive\",\"url\":\"https:\/\/www.bbt-automotive.com\/fr\/\",\"logo\":{\"@type\":\"ImageObject\",\"inLanguage\":\"fr-FR\",\"@id\":\"https:\/\/www.bbt-automotive.com\/fr\/#\/schema\/logo\/image\/\",\"url\":\"https:\/\/www.bbt-automotive.com\/wp-content\/uploads\/2021\/11\/Logo-BBT.png\",\"contentUrl\":\"https:\/\/www.bbt-automotive.com\/wp-content\/uploads\/2021\/11\/Logo-BBT.png\",\"width\":188,\"height\":114,\"caption\":\"BBT automotive\"},\"image\":{\"@id\":\"https:\/\/www.bbt-automotive.com\/fr\/#\/schema\/logo\/image\/\"}}]}<\/script>\n<!-- \/ Yoast SEO plugin. -->","yoast_head_json":{"title":"Mentions l\u00e9gales - BBT automotive","robots":{"index":"index","follow":"follow","max-snippet":"max-snippet:-1","max-image-preview":"max-image-preview:large","max-video-preview":"max-video-preview:-1"},"canonical":"https:\/\/www.bbt-automotive.com\/fr\/mentions-legales\/","og_locale":"fr_FR","og_type":"article","og_title":"Mentions l\u00e9gales - BBT automotive","og_description":"Mentions l\u00e9gales Exploitant de cette offre Internet : BBT Automotive Components GmbHGewerbering 1291629 WeihenzellAllemagneT\u00e9l. : +49 (0) 9802 &#8211; 95211-0Fax : +49 (0) 9802 &#8211; 95211-95E-mail : info@bbt-automotive.de Directeur g\u00e9n\u00e9ral : Karl Heinz BeckersInscrit au registre du commerce d\u2019Ansbach HRB 2599N\u00b0 de TVA : DE 187 709 976 Repr\u00e9sentant l\u00e9gal du prestataire : Karl Heinz [&hellip;]","og_url":"https:\/\/www.bbt-automotive.com\/fr\/mentions-legales\/","og_site_name":"BBT automotive","article_modified_time":"2022-08-19T06:36:24+00:00","twitter_card":"summary_large_image","schema":{"@context":"https:\/\/schema.org","@graph":[{"@type":"WebPage","@id":"https:\/\/www.bbt-automotive.com\/fr\/mentions-legales\/","url":"https:\/\/www.bbt-automotive.com\/fr\/mentions-legales\/","name":"Mentions l\u00e9gales - BBT automotive","isPartOf":{"@id":"https:\/\/www.bbt-automotive.com\/fr\/#website"},"datePublished":"2022-08-01T10:06:12+00:00","dateModified":"2022-08-19T06:36:24+00:00","breadcrumb":{"@id":"https:\/\/www.bbt-automotive.com\/fr\/mentions-legales\/#breadcrumb"},"inLanguage":"fr-FR","potentialAction":[{"@type":"ReadAction","target":["https:\/\/www.bbt-automotive.com\/fr\/mentions-legales\/"]}]},{"@type":"BreadcrumbList","@id":"https:\/\/www.bbt-automotive.com\/fr\/mentions-legales\/#breadcrumb","itemListElement":[{"@type":"ListItem","position":1,"name":"Startseite","item":"https:\/\/www.bbt-automotive.com\/fr\/"},{"@type":"ListItem","position":2,"name":"Mentions l\u00e9gales"}]},{"@type":"WebSite","@id":"https:\/\/www.bbt-automotive.com\/fr\/#website","url":"https:\/\/www.bbt-automotive.com\/fr\/","name":"BBT automotive","description":"","publisher":{"@id":"https:\/\/www.bbt-automotive.com\/fr\/#organization"},"potentialAction":[{"@type":"SearchAction","target":{"@type":"EntryPoint","urlTemplate":"https:\/\/www.bbt-automotive.com\/fr\/?s={search_term_string}"},"query-input":{"@type":"PropertyValueSpecification","valueRequired":true,"valueName":"search_term_string"}}],"inLanguage":"fr-FR"},{"@type":"Organization","@id":"https:\/\/www.bbt-automotive.com\/fr\/#organization","name":"BBT automotive","url":"https:\/\/www.bbt-automotive.com\/fr\/","logo":{"@type":"ImageObject","inLanguage":"fr-FR","@id":"https:\/\/www.bbt-automotive.com\/fr\/#\/schema\/logo\/image\/","url":"https:\/\/www.bbt-automotive.com\/wp-content\/uploads\/2021\/11\/Logo-BBT.png","contentUrl":"https:\/\/www.bbt-automotive.com\/wp-content\/uploads\/2021\/11\/Logo-BBT.png","width":188,"height":114,"caption":"BBT automotive"},"image":{"@id":"https:\/\/www.bbt-automotive.com\/fr\/#\/schema\/logo\/image\/"}}]}},"_links":{"self":[{"href":"https:\/\/www.bbt-automotive.com\/fr\/wp-json\/wp\/v2\/pages\/15520","targetHints":{"allow":["GET"]}}],"collection":[{"href":"https:\/\/www.bbt-automotive.com\/fr\/wp-json\/wp\/v2\/pages"}],"about":[{"href":"https:\/\/www.bbt-automotive.com\/fr\/wp-json\/wp\/v2\/types\/page"}],"author":[{"embeddable":true,"href":"https:\/\/www.bbt-automotive.com\/fr\/wp-json\/wp\/v2\/users\/3"}],"replies":[{"embeddable":true,"href":"https:\/\/www.bbt-automotive.com\/fr\/wp-json\/wp\/v2\/comments?post=15520"}],"version-history":[{"count":1,"href":"https:\/\/www.bbt-automotive.com\/fr\/wp-json\/wp\/v2\/pages\/15520\/revisions"}],"predecessor-version":[{"id":15523,"href":"https:\/\/www.bbt-automotive.com\/fr\/wp-json\/wp\/v2\/pages\/15520\/revisions\/15523"}],"wp:attachment":[{"href":"https:\/\/www.bbt-automotive.com\/fr\/wp-json\/wp\/v2\/media?parent=15520"}],"curies":[{"name":"wp","href":"https:\/\/api.w.org\/{rel}","templated":true}]}}